{"id":80,"date":"2025-09-26T14:17:28","date_gmt":"2025-09-26T14:17:28","guid":{"rendered":"https:\/\/zealous-perlman.104-156-48-234.plesk.page\/?page_id=80"},"modified":"2025-09-26T14:42:33","modified_gmt":"2025-09-26T14:42:33","slug":"aquecedores-solares","status":"publish","type":"page","link":"https:\/\/anagua.com.br\/?page_id=80","title":{"rendered":"AQUECEDORES SOLARES"},"content":{"rendered":"<p>[et_pb_section fb_built=&#8221;1&#8243; theme_builder_area=&#8221;post_content&#8221; _builder_version=&#8221;4.27.4&#8243; _module_preset=&#8221;default&#8221;][et_pb_row _builder_version=&#8221;4.27.4&#8243; _module_preset=&#8221;default&#8221; theme_builder_area=&#8221;post_content&#8221;][et_pb_column _builder_version=&#8221;4.27.4&#8243; _module_preset=&#8221;default&#8221; type=&#8221;4_4&#8243; theme_builder_area=&#8221;post_content&#8221;][et_pb_text _builder_version=&#8221;4.27.4&#8243; _module_preset=&#8221;default&#8221; theme_builder_area=&#8221;post_content&#8221; hover_enabled=&#8221;0&#8243; sticky_enabled=&#8221;0&#8243;]<\/p>\n<p>Aquecedor Solar<br \/>Informa\u00e7\u00f5es Gerais<\/p>\n<p>O aquecimento solar baseia-se no uso da energia solar para o aquecimento da \u00e1gua para o banho. Um dos principais benef\u00edcios do uso da energia solar como sistema de aquecimento \u00e9 a redu\u00e7\u00e3o dos custos referentes \u00e0 utiliza\u00e7\u00e3o de sistemas convencionais como o el\u00e9trico e o a g\u00e1s.<\/p>\n<p>O sistema de aquecimento solar utiliza o calor do sol para aquecer a \u00e1gua. Um aquecedor solar tem seu funcionamento baseado na capacidade de absorver o calor dos raios solares, transmiti-los para a \u00e1gua e mant\u00ea-la aquecida pelo maior per\u00edodo de tempo poss\u00edvel. O aquecedor solar conta com dois componentes fundamentais: o coletor solar e o reservat\u00f3rio t\u00e9rmico.<\/p>\n<p>Veja abaixo um exemplo b\u00e1sico do funcionamento de um sistema de aquecimento solar:<\/p>\n<p>No Brasil, cujo clima \u00e9 tropical, a incid\u00eancia solar anual gira em torno de 2.000 a 2.500 horas (aproximadamente de 6 a 7 horas di\u00e1rias de insola\u00e7\u00e3o) vari\u00e1veis de acordo com a regi\u00e3o. O aproveitamento desta energia \u00e9 extremamente vi\u00e1vel, mesmo quando existe a necessidade de utiliza\u00e7\u00e3o de um sistema auxiliar el\u00e9trico ou \u00e0 g\u00e1s para suprir as necessidades provocadas pelo excesso de nebulosidade em algumas \u00e9pocas do ano.<\/p>\n<p>O aquecedor solar da Unisol Aquecedores, com seus modernos reservat\u00f3rios t\u00e9rmicos e coletores solares, \u00e9 a solu\u00e7\u00e3o ideal para atender sua demanda de \u00e1gua quente com conforto e economia.<\/p>\n<p>[\/et_pb_text][\/et_pb_column][\/et_pb_row][\/et_pb_section]<\/p>\n","protected":false},"excerpt":{"rendered":"<p>Aquecedor SolarInforma\u00e7\u00f5es Gerais O aquecimento solar baseia-se no uso da energia solar para o aquecimento da \u00e1gua para o banho. Um dos principais benef\u00edcios do uso da energia solar como sistema de aquecimento \u00e9 a redu\u00e7\u00e3o dos custos referentes \u00e0 utiliza\u00e7\u00e3o de sistemas convencionais como o el\u00e9trico e o a g\u00e1s. O sistema de aquecimento [&hellip;]<\/p>\n","protected":false},"author":1,"featured_media":0,"parent":0,"menu_order":0,"comment_status":"closed","ping_status":"closed","template":"","meta":{"_et_pb_use_builder":"on","_et_pb_old_content":"","_et_gb_content_width":"","footnotes":""},"class_list":["post-80","page","type-page","status-publish","hentry"],"_links":{"self":[{"href":"https:\/\/anagua.com.br\/index.php?rest_route=\/wp\/v2\/pages\/80","targetHints":{"allow":["GET"]}}],"collection":[{"href":"https:\/\/anagua.com.br\/index.php?rest_route=\/wp\/v2\/pages"}],"about":[{"href":"https:\/\/anagua.com.br\/index.php?rest_route=\/wp\/v2\/types\/page"}],"author":[{"embeddable":true,"href":"https:\/\/anagua.com.br\/index.php?rest_route=\/wp\/v2\/users\/1"}],"replies":[{"embeddable":true,"href":"https:\/\/anagua.com.br\/index.php?rest_route=%2Fwp%2Fv2%2Fcomments&post=80"}],"version-history":[{"count":2,"href":"https:\/\/anagua.com.br\/index.php?rest_route=\/wp\/v2\/pages\/80\/revisions"}],"predecessor-version":[{"id":119,"href":"https:\/\/anagua.com.br\/index.php?rest_route=\/wp\/v2\/pages\/80\/revisions\/119"}],"wp:attachment":[{"href":"https:\/\/anagua.com.br\/index.php?rest_route=%2Fwp%2Fv2%2Fmedia&parent=80"}],"curies":[{"name":"wp","href":"https:\/\/api.w.org\/{rel}","templated":true}]}}