{"id":55,"date":"2025-09-26T14:12:57","date_gmt":"2025-09-26T14:12:57","guid":{"rendered":"https:\/\/zealous-perlman.104-156-48-234.plesk.page\/?page_id=55"},"modified":"2025-09-26T14:53:32","modified_gmt":"2025-09-26T14:53:32","slug":"prestacao-de-servicos","status":"publish","type":"page","link":"https:\/\/anagua.com.br\/?page_id=55","title":{"rendered":"PRESTA\u00c7\u00c3O DE SERVI\u00c7OS"},"content":{"rendered":"<p>[et_pb_section fb_built=&#8221;1&#8243; theme_builder_area=&#8221;post_content&#8221; _builder_version=&#8221;4.27.4&#8243; _module_preset=&#8221;default&#8221;][et_pb_row _builder_version=&#8221;4.27.4&#8243; _module_preset=&#8221;default&#8221; theme_builder_area=&#8221;post_content&#8221;][et_pb_column _builder_version=&#8221;4.27.4&#8243; _module_preset=&#8221;default&#8221; type=&#8221;4_4&#8243; theme_builder_area=&#8221;post_content&#8221;][et_pb_text _builder_version=&#8221;4.27.4&#8243; _module_preset=&#8221;default&#8221; theme_builder_area=&#8221;post_content&#8221; hover_enabled=&#8221;0&#8243; sticky_enabled=&#8221;0&#8243;]<\/p>\n<p style=\"text-align: center;\">MONTAGEM DE CASA DE M\u00c1QUINA<\/p>\n<p style=\"text-align: center;\">MONTAGEM DE ILUMINA\u00c7\u00c3O PARA PISCINA<\/p>\n<p style=\"text-align: center;\">HIDR\u00c1ULICO E EL\u00c9TRICO<\/p>\n<p style=\"text-align: center;\">MONTAGEM E REPAROS DE SAUNAS<\/p>\n<p style=\"text-align: center;\">REPARO, INSTALA\u00c7\u00c3O DE FILTROS E MOTOBOMBAS<\/p>\n<p style=\"text-align: center;\">LIMPEZA E MANUTEN\u00c7\u00c3O DE PISCINA<\/p>\n<p style=\"text-align: center;\">REPARO E CONSTRU\u00c7\u00c3O DE PISCINA EM GERAL<\/p>\n<p style=\"text-align: center;\">TROCA DE RESIST\u00caNCIA DE AQUECEDORES SOLAR<\/p>\n<p><iframe loading=\"lazy\" title=\"www.anagua.com.br\" width=\"1080\" height=\"608\" src=\"https:\/\/www.youtube.com\/embed\/P6cV5itFQlM?feature=oembed\"  allow=\"accelerometer; autoplay; clipboard-write; encrypted-media; gyroscope; picture-in-picture; web-share\" referrerpolicy=\"strict-origin-when-cross-origin\" allowfullscreen><\/iframe><\/p>\n<p>[\/et_pb_text][\/et_pb_column][\/et_pb_row][\/et_pb_section]<\/p>\n","protected":false},"excerpt":{"rendered":"<p>MONTAGEM DE CASA DE M\u00c1QUINA MONTAGEM DE ILUMINA\u00c7\u00c3O PARA PISCINA HIDR\u00c1ULICO E EL\u00c9TRICO MONTAGEM E REPAROS DE SAUNAS REPARO, INSTALA\u00c7\u00c3O DE FILTROS E MOTOBOMBAS LIMPEZA E MANUTEN\u00c7\u00c3O DE PISCINA REPARO E CONSTRU\u00c7\u00c3O DE PISCINA EM GERAL TROCA DE RESIST\u00caNCIA DE AQUECEDORES SOLAR https:\/\/www.youtube.com\/watch?v=P6cV5itFQlM<\/p>\n","protected":false},"author":1,"featured_media":0,"parent":0,"menu_order":0,"comment_status":"closed","ping_status":"closed","template":"","meta":{"_et_pb_use_builder":"on","_et_pb_old_content":"","_et_gb_content_width":"","footnotes":""},"class_list":["post-55","page","type-page","status-publish","hentry"],"_links":{"self":[{"href":"https:\/\/anagua.com.br\/index.php?rest_route=\/wp\/v2\/pages\/55","targetHints":{"allow":["GET"]}}],"collection":[{"href":"https:\/\/anagua.com.br\/index.php?rest_route=\/wp\/v2\/pages"}],"about":[{"href":"https:\/\/anagua.com.br\/index.php?rest_route=\/wp\/v2\/types\/page"}],"author":[{"embeddable":true,"href":"https:\/\/anagua.com.br\/index.php?rest_route=\/wp\/v2\/users\/1"}],"replies":[{"embeddable":true,"href":"https:\/\/anagua.com.br\/index.php?rest_route=%2Fwp%2Fv2%2Fcomments&post=55"}],"version-history":[{"count":2,"href":"https:\/\/anagua.com.br\/index.php?rest_route=\/wp\/v2\/pages\/55\/revisions"}],"predecessor-version":[{"id":160,"href":"https:\/\/anagua.com.br\/index.php?rest_route=\/wp\/v2\/pages\/55\/revisions\/160"}],"wp:attachment":[{"href":"https:\/\/anagua.com.br\/index.php?rest_route=%2Fwp%2Fv2%2Fmedia&parent=55"}],"curies":[{"name":"wp","href":"https:\/\/api.w.org\/{rel}","templated":true}]}}